{"id":26,"date":"2023-07-14T20:21:57","date_gmt":"2023-07-14T18:21:57","guid":{"rendered":"https:\/\/agroforestramedioambiental.com\/?page_id=26"},"modified":"2023-07-17T10:33:37","modified_gmt":"2023-07-17T08:33:37","slug":"inicio","status":"publish","type":"page","link":"https:\/\/agroforestramedioambiental.com\/en\/","title":{"rendered":"Inicio"},"content":{"rendered":"<p>[et_pb_section fb_built=\u00bb1&#8243; admin_label=\u00bbHeader\u00bb _builder_version=\u00bb4.16&#8243; background_color=\u00bb#f7f7f7&#8243; use_background_color_gradient=\u00bbon\u00bb background_color_gradient_direction=\u00bb90deg\u00bb background_color_gradient_stops=\u00bb#f7f7f7 66%|#ffffff 66%\u00bb background_color_gradient_start=\u00bb#f7f7f7&#8243; background_color_gradient_start_position=\u00bb66%\u00bb background_color_gradient_end=\u00bb#ffffff\u00bb background_color_gradient_end_position=\u00bb0%\u00bb custom_margin=\u00bb|||||\u00bb custom_padding=\u00bb||0px|||\u00bb background_last_edited=\u00bbon|tablet\u00bb use_background_color_gradient_tablet=\u00bbon\u00bb background_color_gradient_stops_tablet=\u00bb#f7f7f7 100%|#ffffff 100%\u00bb background_color_gradient_start_position_tablet=\u00bb100%\u00bb locked=\u00bboff\u00bb global_colors_info=\u00bb{}\u00bb][et_pb_row column_structure=\u00bb1_2,1_2&#8243; custom_padding_last_edited=\u00bbon|phone\u00bb padding_left_right_link_1=\u00bbfalse\u00bb _builder_version=\u00bb4.16&#8243; background_image=\u00bbhttps:\/\/agroforestramedioambiental.com\/wp-content\/uploads\/2023\/07\/green-energy-20.png\u00bb background_size=\u00bbinitial\u00bb background_position=\u00bbtop_left\u00bb custom_padding=\u00bb|||20px\u00bb custom_padding_tablet=\u00bb\u00bb custom_padding_phone=\u00bb|||0px\u00bb global_colors_info=\u00bb{}\u00bb][et_pb_column type=\u00bb1_2&#8243; _builder_version=\u00bb4.16&#8243; background_repeat=\u00bbrepeat\u00bb custom_padding=\u00bb|20px||\u00bb custom_padding_tablet=\u00bb|0px||\u00bb custom_padding_phone=\u00bb|0px||\u00bb custom_padding_last_edited=\u00bbon|tablet\u00bb global_colors_info=\u00bb{}\u00bb custom_padding__hover=\u00bb|||\u00bb][et_pb_text _builder_version=\u00bb4.21.0&#8243; text_font=\u00bb||||||||\u00bb text_font_size=\u00bb20px\u00bb text_line_height=\u00bb1.8em\u00bb header_font=\u00bbBitter|900|||||||\u00bb header_text_align=\u00bbright\u00bb header_text_color=\u00bb#7e942f\u00bb header_font_size=\u00bb76px\u00bb header_line_height=\u00bb1.3em\u00bb custom_margin=\u00bb||60px\u00bb text_font_size_tablet=\u00bb\u00bb text_font_size_phone=\u00bb14px\u00bb text_font_size_last_edited=\u00bbon|desktop\u00bb header_font_size_tablet=\u00bb50px\u00bb header_font_size_phone=\u00bb30px\u00bb header_font_size_last_edited=\u00bbon|phone\u00bb global_colors_info=\u00bb{}\u00bb]<\/p>\n<h1><span>Cultivamos soluciones, cosechamos resultados<\/span><\/h1>\n<p>[\/et_pb_text][et_pb_button button_url=\u00bbhttps:\/\/agroforestramedioambiental.com\/servicios\u00bb button_text=\u00bbservicios\u00bb button_alignment=\u00bbright\u00bb _builder_version=\u00bb4.21.0&#8243; custom_button=\u00bbon\u00bb button_text_size=\u00bb14px\u00bb button_text_color=\u00bb#ffffff\u00bb button_bg_color=\u00bbgcid-4da4b735-8c96-459d-8a96-3823becc5fea\u00bb button_border_color=\u00bbrgba(0,0,0,0)\u00bb button_border_radius=\u00bb100px\u00bb button_letter_spacing=\u00bb2px\u00bb button_font=\u00bbRaleway|700||on|||||\u00bb button_icon=\u00bb&#x24;||divi||400&#8243; custom_padding=\u00bb15px|40px|15px|40px|true|true\u00bb global_colors_info=\u00bb{%22gcid-4da4b735-8c96-459d-8a96-3823becc5fea%22:%91%22button_bg_color%22%93}\u00bb][\/et_pb_button][\/et_pb_column][et_pb_column type=\u00bb1_2&#8243; _builder_version=\u00bb4.16&#8243; custom_padding=\u00bb|||\u00bb global_colors_info=\u00bb{}\u00bb custom_padding__hover=\u00bb|||\u00bb][et_pb_image src=\u00bbhttps:\/\/agroforestramedioambiental.com\/wp-content\/uploads\/2023\/07\/green-energy-14.png\u00bb title_text=\u00bbdisparo-alto-angulo-hermoso-bosque-muchos-arboles-verdes-envueltos-niebla-nueva-zelanda\u00bb _builder_version=\u00bb4.21.0&#8243; use_background_color_gradient=\u00bbon\u00bb background_color_gradient_stops=\u00bbrgba(16,40,65,0) 45%|#102841 100%\u00bb background_color_gradient_overlays_image=\u00bbon\u00bb background_color_gradient_start=\u00bbrgba(16,40,65,0)\u00bb background_color_gradient_start_position=\u00bb45%\u00bb background_color_gradient_end=\u00bb#102841&#8243; background_image=\u00bbhttps:\/\/agroforestramedioambiental.com\/wp-content\/uploads\/2023\/07\/disparo-alto-angulo-hermoso-bosque-muchos-arboles-verdes-envueltos-niebla-nueva-zelanda-scaled.jpg\u00bb custom_margin=\u00bb-100px|-12vw||\u00bb custom_margin_tablet=\u00bb0px|||\u00bb custom_margin_phone=\u00bb\u00bb custom_margin_last_edited=\u00bbon|tablet\u00bb custom_padding=\u00bb||100%|||\u00bb custom_padding_tablet=\u00bb||40%\u00bb custom_padding_phone=\u00bb||40%\u00bb custom_padding_last_edited=\u00bbon|tablet\u00bb global_colors_info=\u00bb{}\u00bb][\/et_pb_image][\/et_pb_column][\/et_pb_row][et_pb_row column_structure=\u00bb1_2,1_2&#8243; _builder_version=\u00bb4.21.0&#8243; _module_preset=\u00bbdefault\u00bb custom_padding=\u00bb||117px|||\u00bb global_colors_info=\u00bb{}\u00bb][et_pb_column type=\u00bb1_2&#8243; _builder_version=\u00bb4.21.0&#8243; _module_preset=\u00bbdefault\u00bb global_colors_info=\u00bb{}\u00bb][et_pb_text _builder_version=\u00bb4.21.0&#8243; _module_preset=\u00bbdefault\u00bb text_font=\u00bbBitter||||||||\u00bb text_text_color=\u00bbgcid-4da4b735-8c96-459d-8a96-3823becc5fea\u00bb text_font_size=\u00bb20px\u00bb text_orientation=\u00bbjustified\u00bb global_colors_info=\u00bb{%22gcid-4da4b735-8c96-459d-8a96-3823becc5fea%22:%91%22text_text_color%22%93}\u00bb]<\/p>\n<p><span>Creemos en el poder de la tierra y la naturaleza para impulsar el desarrollo sostenible.<\/span><\/p>\n<p><span>Nuestro enfoque integral abarca desde trabajos agr\u00edcolas y forestales hasta tasaciones, mediciones y valoraciones. Adem\u00e1s, nos especializamos en tr\u00e1mites con la PAC y utilizamos coordenadas de campo digital para una gesti\u00f3n eficiente.<\/span><\/p>\n<p><span>Trabajamos en estrecha colaboraci\u00f3n con nuestros clientes para entender sus necesidades \u00fanicas y ofrecer soluciones personalizadas que impulsen el crecimiento y la rentabilidad.<\/span><\/p>\n<p><span>\u00danete a nosotros y descubre c\u00f3mo podemos llevar tu proyecto al siguiente nivel.<\/span><\/p>\n<p>[\/et_pb_text][\/et_pb_column][et_pb_column type=\u00bb1_2&#8243; _builder_version=\u00bb4.21.0&#8243; _module_preset=\u00bbdefault\u00bb global_colors_info=\u00bb{}\u00bb][et_pb_image src=\u00bbhttps:\/\/agroforestramedioambiental.com\/wp-content\/uploads\/2023\/07\/logo-vertical.png\u00bb title_text=\u00bblogo vertical\u00bb _builder_version=\u00bb4.21.0&#8243; _module_preset=\u00bbdefault\u00bb width=\u00bb63%\u00bb module_alignment=\u00bbcenter\u00bb global_colors_info=\u00bb{}\u00bb][\/et_pb_image][\/et_pb_column][\/et_pb_row][\/et_pb_section][et_pb_section fb_built=\u00bb1&#8243; admin_label=\u00bbFeatures\u00bb _builder_version=\u00bb4.16&#8243; background_image=\u00bbhttps:\/\/agroforestramedioambiental.com\/wp-content\/uploads\/2023\/07\/green-energy-34.png\u00bb background_size=\u00bbinitial\u00bb background_position=\u00bbtop_left\u00bb custom_padding=\u00bb0px|||||\u00bb locked=\u00bboff\u00bb global_colors_info=\u00bb{}\u00bb][et_pb_row column_structure=\u00bb1_2,1_2&#8243; _builder_version=\u00bb4.21.0&#8243; custom_margin=\u00bb61px||61px||true|false\u00bb custom_padding=\u00bb0px|||||\u00bb hover_enabled=\u00bb0&#8243; locked=\u00bboff\u00bb global_colors_info=\u00bb{}\u00bb sticky_enabled=\u00bb0&#8243; module_alignment=\u00bbcenter\u00bb][et_pb_column type=\u00bb1_2&#8243; _builder_version=\u00bb4.16&#8243; custom_padding=\u00bb|||\u00bb global_colors_info=\u00bb{}\u00bb custom_padding__hover=\u00bb|||\u00bb][et_pb_blurb title=\u00bbServicios agr\u00edcolas y forestales\u00bb image=\u00bbhttps:\/\/agroforestramedioambiental.com\/wp-content\/uploads\/2023\/07\/forestales-1.png\u00bb _builder_version=\u00bb4.21.0&#8243; header_font=\u00bbBitter||||||||\u00bb header_font_size=\u00bb30px\u00bb header_line_height=\u00bb1.6em\u00bb body_font=\u00bb||||||||\u00bb body_font_size=\u00bb16px\u00bb body_line_height=\u00bb1.8em\u00bb use_background_color_gradient=\u00bbon\u00bb background_color_gradient_stops=\u00bbgcid-4da4b735-8c96-459d-8a96-3823becc5fea 0%|rgba(10,1,1,0.5) 100%\u00bb background_color_gradient_overlays_image=\u00bbon\u00bb background_color_gradient_start=\u00bbrgba(67,89,233,0.85)\u00bb background_color_gradient_end=\u00bb#4359e9&#8243; background_color_gradient_end_position=\u00bb84%\u00bb background_image=\u00bbhttps:\/\/agroforestramedioambiental.com\/wp-content\/uploads\/2023\/07\/bosque-montana-carpatos-ucranianos-arriba-vista-aerea-scaled.jpg\u00bb text_orientation=\u00bbcenter\u00bb background_layout=\u00bbdark\u00bb width=\u00bb65%\u00bb module_alignment=\u00bbcenter\u00bb max_height=\u00bb599px\u00bb custom_padding=\u00bb20px||65px||false|true\u00bb custom_padding_tablet=\u00bb60px||60px\u00bb custom_padding_phone=\u00bb30px||30px\u00bb custom_padding_last_edited=\u00bbon|phone\u00bb hover_enabled=\u00bb0&#8243; body_font_size_tablet=\u00bb\u00bb body_font_size_phone=\u00bb14px\u00bb body_font_size_last_edited=\u00bbon|desktop\u00bb global_colors_info=\u00bb{%22gcid-4da4b735-8c96-459d-8a96-3823becc5fea%22:%91%22background_color_gradient_stops%22%93,%22gcid-51d6ad4a-b6d4-4661-ba82-57fe275c3918%22:%91%22background_color_gradient_stops%22%93}\u00bb body_text_color__hover=\u00bb#ffffff\u00bb custom_padding__hover=\u00bb100px||140px\u00bb custom_padding__hover_enabled=\u00bbon\u00bb custom_margin=\u00bb|-13px||-30px|false|false\u00bb sticky_enabled=\u00bb0&#8243;][\/et_pb_blurb][\/et_pb_column][et_pb_column type=\u00bb1_2&#8243; _builder_version=\u00bb4.16&#8243; custom_padding=\u00bb|||\u00bb global_colors_info=\u00bb{}\u00bb custom_padding__hover=\u00bb|||\u00bb][et_pb_blurb title=\u00bbAsesoramiento para cooperativas y fincas\u00bb image=\u00bbhttps:\/\/agroforestramedioambiental.com\/wp-content\/uploads\/2023\/07\/fincas-1.png\u00bb _builder_version=\u00bb4.21.0&#8243; header_font=\u00bbBitter||||||||\u00bb header_font_size=\u00bb30px\u00bb header_line_height=\u00bb1.6em\u00bb body_font=\u00bb||||||||\u00bb body_font_size=\u00bb16px\u00bb body_line_height=\u00bb1.8em\u00bb use_background_color_gradient=\u00bbon\u00bb background_color_gradient_stops=\u00bbgcid-4da4b735-8c96-459d-8a96-3823becc5fea 0%|rgba(10,1,1,0.5) 100%\u00bb background_color_gradient_overlays_image=\u00bbon\u00bb background_color_gradient_start=\u00bbrgba(67,89,233,0.85)\u00bb background_color_gradient_end=\u00bb#4359e9&#8243; background_color_gradient_end_position=\u00bb84%\u00bb background_image=\u00bbhttps:\/\/agroforestramedioambiental.com\/wp-content\/uploads\/2023\/07\/tranquilo-prado-verde-bosque-puesta-sol-sobre-montanas-generadas-ia-scaled.jpg\u00bb text_orientation=\u00bbcenter\u00bb background_layout=\u00bbdark\u00bb width=\u00bb65%\u00bb module_alignment=\u00bbcenter\u00bb max_height=\u00bb599px\u00bb custom_padding=\u00bb20px||65px||false|true\u00bb custom_padding_tablet=\u00bb60px||60px\u00bb custom_padding_phone=\u00bb30px||30px\u00bb custom_padding_last_edited=\u00bbon|phone\u00bb hover_enabled=\u00bb0&#8243; body_font_size_tablet=\u00bb\u00bb body_font_size_phone=\u00bb14px\u00bb body_font_size_last_edited=\u00bbon|desktop\u00bb global_colors_info=\u00bb{%22gcid-4da4b735-8c96-459d-8a96-3823becc5fea%22:%91%22background_color_gradient_stops%22%93,%22gcid-51d6ad4a-b6d4-4661-ba82-57fe275c3918%22:%91%22background_color_gradient_stops%22%93}\u00bb body_text_color__hover=\u00bb#ffffff\u00bb custom_padding__hover=\u00bb100px||140px\u00bb custom_padding__hover_enabled=\u00bbon\u00bb custom_margin=\u00bb|-13px||-30px|false|false\u00bb sticky_enabled=\u00bb0&#8243; locked=\u00bboff\u00bb title_text=\u00bbTranquil meadow, green forest, sunset over mountains generated by AI\u00bb][\/et_pb_blurb][\/et_pb_column][\/et_pb_row][\/et_pb_section][et_pb_section fb_built=\u00bb1&#8243; admin_label=\u00bbCall To Action\u00bb _builder_version=\u00bb4.21.0&#8243; use_background_color_gradient=\u00bbon\u00bb background_color_gradient_stops=\u00bbrgba(126,148,47,0.19) 0%|gcid-4da4b735-8c96-459d-8a96-3823becc5fea 100%\u00bb background_color_gradient_overlays_image=\u00bbon\u00bb background_color_gradient_start=\u00bbrgba(16,40,65,0)\u00bb background_color_gradient_end=\u00bb#102841&#8243; background_color_gradient_end_position=\u00bb84%\u00bb background_image=\u00bbhttps:\/\/agroforestramedioambiental.com\/wp-content\/uploads\/2023\/07\/agricultor-inspecciona-campo-soja-verde-concepto-cosecha-scaled.jpg\u00bb custom_padding=\u00bb100px||0px|||\u00bb locked=\u00bboff\u00bb global_colors_info=\u00bb{%22gcid-4da4b735-8c96-459d-8a96-3823becc5fea%22:%91%22background_color_gradient_stops%22%93}\u00bb][et_pb_row _builder_version=\u00bb4.21.0&#8243; background_color=\u00bb#ffffff\u00bb transform_translate_linked=\u00bboff\u00bb max_width=\u00bb700px\u00bb custom_margin=\u00bb||\u00bb custom_padding=\u00bb120px|4vw|120px|4vw|false|true\u00bb hover_enabled=\u00bb0&#8243; box_shadow_style=\u00bbpreset1&#8243; box_shadow_vertical=\u00bb24px\u00bb box_shadow_blur=\u00bb100px\u00bb box_shadow_spread=\u00bb-30px\u00bb box_shadow_color=\u00bbrgba(0,0,0,0.24)\u00bb locked=\u00bboff\u00bb global_colors_info=\u00bb{}\u00bb module_alignment=\u00bbcenter\u00bb sticky_enabled=\u00bb0&#8243;][et_pb_column type=\u00bb4_4&#8243; _builder_version=\u00bb4.16&#8243; custom_padding=\u00bb|||\u00bb global_colors_info=\u00bb{}\u00bb custom_padding__hover=\u00bb|||\u00bb][et_pb_image src=\u00bbhttps:\/\/agroforestramedioambiental.com\/wp-content\/uploads\/2023\/07\/cropped-favicon.png\u00bb title_text=\u00bbcropped-favicon.png\u00bb align=\u00bbcenter\u00bb _builder_version=\u00bb4.21.0&#8243; width=\u00bb35%\u00bb global_colors_info=\u00bb{}\u00bb][\/et_pb_image][et_pb_text _builder_version=\u00bb4.16&#8243; text_font=\u00bb||||||||\u00bb text_font_size=\u00bb20px\u00bb text_line_height=\u00bb1.8em\u00bb header_font=\u00bb||||||||\u00bb header_2_font=\u00bbBitter||||||||\u00bb header_2_font_size=\u00bb42px\u00bb header_2_line_height=\u00bb1.2em\u00bb text_orientation=\u00bbcenter\u00bb max_width=\u00bb440px\u00bb module_alignment=\u00bbcenter\u00bb text_font_size_tablet=\u00bb\u00bb text_font_size_phone=\u00bb14px\u00bb text_font_size_last_edited=\u00bbon|phone\u00bb header_2_font_size_tablet=\u00bb\u00bb header_2_font_size_phone=\u00bb32px\u00bb header_2_font_size_last_edited=\u00bbon|phone\u00bb global_colors_info=\u00bb{}\u00bb]<\/p>\n<h2>Contacta con nosotros<\/h2>\n<p>[\/et_pb_text][et_pb_button button_url=\u00bbhttps:\/\/wa.me\/689197515&#8243; button_text=\u00bbHablar con un experto\u00bb button_alignment=\u00bbcenter\u00bb _builder_version=\u00bb4.21.0&#8243; custom_button=\u00bbon\u00bb button_text_size=\u00bb14px\u00bb button_text_color=\u00bbgcid-4da4b735-8c96-459d-8a96-3823becc5fea\u00bb button_bg_color=\u00bbrgba(0,0,0,0)\u00bb button_border_radius=\u00bb100px\u00bb button_letter_spacing=\u00bb2px\u00bb button_font=\u00bbRaleway|700||on|||||\u00bb button_icon=\u00bb&#xf232;||fa||400&#8243; custom_padding=\u00bb15px|40px|15px|40px|true|true\u00bb locked=\u00bboff\u00bb global_colors_info=\u00bb{%22gcid-4da4b735-8c96-459d-8a96-3823becc5fea%22:%91%22button_text_color%22%93}\u00bb][\/et_pb_button][et_pb_button button_url=\u00bbhttps:\/\/agroforestramedioambiental.com\/servicios\u00bb button_text=\u00bbVer servicios\u00bb button_alignment=\u00bbcenter\u00bb _builder_version=\u00bb4.21.0&#8243; custom_button=\u00bbon\u00bb button_text_size=\u00bb14px\u00bb button_text_color=\u00bb#ffffff\u00bb button_bg_color=\u00bbgcid-4da4b735-8c96-459d-8a96-3823becc5fea\u00bb button_border_color=\u00bbrgba(0,0,0,0)\u00bb button_border_radius=\u00bb100px\u00bb button_letter_spacing=\u00bb2px\u00bb button_font=\u00bbRaleway|700||on|||||\u00bb button_icon=\u00bb&#x24;||divi||400&#8243; custom_padding=\u00bb15px|40px|15px|40px|true|true\u00bb locked=\u00bboff\u00bb global_colors_info=\u00bb{%22gcid-4da4b735-8c96-459d-8a96-3823becc5fea%22:%91%22button_bg_color%22%93}\u00bb][\/et_pb_button][\/et_pb_column][\/et_pb_row][\/et_pb_section][et_pb_section fb_built=\u00bb1&#8243; admin_label=\u00bbFAQ\u00bb _builder_version=\u00bb4.16&#8243; global_colors_info=\u00bb{}\u00bb][\/et_pb_section][et_pb_section fb_built=\u00bb1&#8243; specialty=\u00bbon\u00bb admin_label=\u00bbFeature\u00bb _builder_version=\u00bb4.16&#8243; locked=\u00bboff\u00bb global_colors_info=\u00bb{}\u00bb][et_pb_column type=\u00bb1_3&#8243; _builder_version=\u00bb4.16&#8243; custom_padding=\u00bb|||\u00bb global_colors_info=\u00bb{}\u00bb custom_padding__hover=\u00bb|||\u00bb][et_pb_text _builder_version=\u00bb4.16&#8243; text_font=\u00bb||||||||\u00bb text_font_size=\u00bb16px\u00bb text_line_height=\u00bb1.8em\u00bb header_font=\u00bb||||||||\u00bb header_3_font=\u00bbBitter||||||||\u00bb header_3_font_size=\u00bb32px\u00bb header_3_line_height=\u00bb1.4em\u00bb custom_margin_tablet=\u00bb0px||\u00bb custom_margin_last_edited=\u00bboff|desktop\u00bb text_font_size_tablet=\u00bb\u00bb text_font_size_phone=\u00bb14px\u00bb text_font_size_last_edited=\u00bbon|desktop\u00bb header_3_font_size_tablet=\u00bb32px\u00bb header_3_font_size_phone=\u00bb26px\u00bb header_3_font_size_last_edited=\u00bbon|phone\u00bb text_text_align=\u00bbleft\u00bb locked=\u00bboff\u00bb global_colors_info=\u00bb{}\u00bb]<\/p>\n<h3>Blog Agroforestra<\/h3>\n<p><span>tu fuente de conocimiento en el \u00e1mbito agr\u00edcola, forestal y medioambiental. <\/span><\/p>\n<p>[\/et_pb_text][et_pb_button button_url=\u00bbhttps:\/\/agroforestramedioambiental.com\/blog\u00bb button_text=\u00bbVer blog\u00bb _builder_version=\u00bb4.21.0&#8243; custom_button=\u00bbon\u00bb button_text_size=\u00bb14px\u00bb button_text_color=\u00bb#ffffff\u00bb button_bg_color=\u00bbgcid-4da4b735-8c96-459d-8a96-3823becc5fea\u00bb button_border_color=\u00bbrgba(0,0,0,0)\u00bb button_border_radius=\u00bb100px\u00bb button_letter_spacing=\u00bb2px\u00bb button_font=\u00bbRaleway|700||on|||||\u00bb button_icon=\u00bb&#xf129;||fa||900&#8243; custom_padding=\u00bb15px|40px|15px|40px|true|true\u00bb locked=\u00bboff\u00bb global_colors_info=\u00bb{%22gcid-4da4b735-8c96-459d-8a96-3823becc5fea%22:%91%22button_bg_color%22%93}\u00bb][\/et_pb_button][\/et_pb_column][et_pb_column type=\u00bb2_3&#8243; specialty_columns=\u00bb2&#8243; _builder_version=\u00bb4.16&#8243; custom_padding=\u00bb|||\u00bb global_colors_info=\u00bb{}\u00bb custom_padding__hover=\u00bb|||\u00bb][et_pb_row_inner custom_padding_last_edited=\u00bbon|desktop\u00bb _builder_version=\u00bb4.21.0&#8243; background_color=\u00bb#ffffff\u00bb custom_margin=\u00bb|||||false\u00bb custom_padding=\u00bb100px|48px|100px|48px|true|true\u00bb custom_padding_tablet=\u00bb\u00bb custom_padding_phone=\u00bb|30px||30px||true\u00bb box_shadow_style=\u00bbpreset1&#8243; box_shadow_vertical=\u00bb24px\u00bb box_shadow_blur=\u00bb100px\u00bb box_shadow_spread=\u00bb-30px\u00bb box_shadow_color=\u00bbrgba(0,0,0,0.24)\u00bb locked=\u00bboff\u00bb global_colors_info=\u00bb{}\u00bb][et_pb_column_inner saved_specialty_column_type=\u00bb2_3&#8243; _builder_version=\u00bb4.16&#8243; custom_padding=\u00bb|||\u00bb global_colors_info=\u00bb{}\u00bb custom_padding__hover=\u00bb|||\u00bb][et_pb_blog posts_number=\u00bb1&#8243; include_categories=\u00bball\u00bb show_author=\u00bboff\u00bb show_date=\u00bboff\u00bb show_categories=\u00bboff\u00bb _builder_version=\u00bb4.21.0&#8243; _module_preset=\u00bbdefault\u00bb header_font=\u00bbBitter||||||||\u00bb header_line_height=\u00bb1.3em\u00bb pagination_font=\u00bb|700|||||||\u00bb pagination_text_color=\u00bbgcid-4da4b735-8c96-459d-8a96-3823becc5fea\u00bb global_colors_info=\u00bb{%22gcid-4da4b735-8c96-459d-8a96-3823becc5fea%22:%91%22pagination_text_color%22%93}\u00bb][\/et_pb_blog][\/et_pb_column_inner][\/et_pb_row_inner][et_pb_row_inner _builder_version=\u00bb4.16&#8243; custom_padding=\u00bb0px|||||\u00bb global_colors_info=\u00bb{}\u00bb][et_pb_column_inner saved_specialty_column_type=\u00bb2_3&#8243; _builder_version=\u00bb4.16&#8243; custom_padding=\u00bb|||\u00bb global_colors_info=\u00bb{}\u00bb custom_padding__hover=\u00bb|||\u00bb][et_pb_image src=\u00bbhttps:\/\/agroforestramedioambiental.com\/wp-content\/uploads\/2023\/07\/green-energy-23.png\u00bb align=\u00bbcenter\u00bb _builder_version=\u00bb4.16&#8243; global_colors_info=\u00bb{}\u00bb][\/et_pb_image][\/et_pb_column_inner][\/et_pb_row_inner][\/et_pb_column][\/et_pb_section][et_pb_section fb_built=\u00bb1&#8243; fullwidth=\u00bbon\u00bb admin_label=\u00bbFooter\u00bb _builder_version=\u00bb4.16&#8243; width=\u00bb90vw\u00bb width_tablet=\u00bb100%\u00bb width_phone=\u00bb\u00bb width_last_edited=\u00bbon|desktop\u00bb module_alignment=\u00bbright\u00bb locked=\u00bboff\u00bb global_colors_info=\u00bb{}\u00bb][et_pb_fullwidth_header title=\u00bbServicios agr\u00edcolas, forestales y medioambientales\u00bb text_orientation=\u00bbcenter\u00bb button_one_text=\u00bbVer servicios\u00bb button_one_url=\u00bbhttps:\/\/agroforestramedioambiental.com\/servicios\u00bb button_two_text=\u00bbContactar\u00bb button_two_url=\u00bbhttps:\/\/agroforestramedioambiental.com\/contacto\u00bb _builder_version=\u00bb4.21.0&#8243; title_font=\u00bbBitter||||||||\u00bb title_font_size=\u00bb42px\u00bb title_line_height=\u00bb1.2em\u00bb content_font=\u00bb||||||||\u00bb content_font_size=\u00bb18px\u00bb content_line_height=\u00bb1.8em\u00bb background_color=\u00bbgcid-4da4b735-8c96-459d-8a96-3823becc5fea\u00bb custom_button_one=\u00bbon\u00bb button_one_text_size=\u00bb14px\u00bb button_one_text_color=\u00bb#2a2a2a\u00bb button_one_bg_color=\u00bb#ffffff\u00bb button_one_border_color=\u00bbrgba(0,0,0,0)\u00bb button_one_border_radius=\u00bb100px\u00bb button_one_letter_spacing=\u00bb2px\u00bb button_one_font=\u00bbRaleway|700||on|||||\u00bb button_one_icon=\u00bb&#x24;||divi||400&#8243; button_one_custom_padding=\u00bb15px|40px|15px|40px|true|true\u00bb custom_button_two=\u00bbon\u00bb button_two_text_size=\u00bb14px\u00bb button_two_text_color=\u00bb#ffffff\u00bb button_two_bg_color=\u00bbrgba(255,255,255,0)\u00bb button_two_border_color=\u00bb#ffffff\u00bb button_two_border_radius=\u00bb100px\u00bb button_two_letter_spacing=\u00bb2px\u00bb button_two_font=\u00bbRaleway|700||on|||||\u00bb button_two_icon=\u00bb&#x24;||divi||400&#8243; button_two_custom_padding=\u00bb15px|40px|15px|40px|true|true\u00bb custom_padding=\u00bb7vw|10vw|7vw||true|\u00bb custom_padding_tablet=\u00bb|0vw||\u00bb custom_padding_phone=\u00bb\u00bb custom_padding_last_edited=\u00bbon|desktop\u00bb title_font_size_tablet=\u00bb32px\u00bb title_font_size_phone=\u00bb26px\u00bb title_font_size_last_edited=\u00bbon|phone\u00bb content_font_size_tablet=\u00bb\u00bb content_font_size_phone=\u00bb14px\u00bb content_font_size_last_edited=\u00bbon|desktop\u00bb custom_css_header_container=\u00bbwidth: 100%;\u00bb global_colors_info=\u00bb{%22gcid-4da4b735-8c96-459d-8a96-3823becc5fea%22:%91%22background_color%22%93}\u00bb]<\/p>\n<p><span>Ya sea que necesites mejorar la productividad de tus cultivos, evaluar el valor de tus terrenos o cumplir con los requisitos normativos, nuestro equipo de profesionales altamente capacitados est\u00e1 listo para ayudarte a alcanzar tus objetivos.<\/span><\/p>\n<p>[\/et_pb_fullwidth_header][\/et_pb_section]<\/p>","protected":false},"excerpt":{"rendered":"<p>Cultivamos soluciones, cosechamos resultadosCreemos en el poder de la tierra y la naturaleza para impulsar el desarrollo sostenible. Nuestro enfoque integral abarca desde trabajos agr\u00edcolas y forestales hasta tasaciones, mediciones y valoraciones. Adem\u00e1s, nos especializamos en tr\u00e1mites con la PAC y utilizamos coordenadas de campo digital para una gesti\u00f3n eficiente. Trabajamos en estrecha colaboraci\u00f3n con [&hellip;]<\/p>","protected":false},"author":1,"featured_media":0,"parent":0,"menu_order":0,"comment_status":"closed","ping_status":"closed","template":"","meta":{"_et_pb_use_builder":"on","_et_pb_old_content":"","_et_gb_content_width":"","om_disable_all_campaigns":false,"_monsterinsights_skip_tracking":false,"_monsterinsights_sitenote_active":false,"_monsterinsights_sitenote_note":"","_monsterinsights_sitenote_category":0,"footnotes":""},"class_list":["post-26","page","type-page","status-publish","hentry"],"_links":{"self":[{"href":"https:\/\/agroforestramedioambiental.com\/en\/wp-json\/wp\/v2\/pages\/26","targetHints":{"allow":["GET"]}}],"collection":[{"href":"https:\/\/agroforestramedioambiental.com\/en\/wp-json\/wp\/v2\/pages"}],"about":[{"href":"https:\/\/agroforestramedioambiental.com\/en\/wp-json\/wp\/v2\/types\/page"}],"author":[{"embeddable":true,"href":"https:\/\/agroforestramedioambiental.com\/en\/wp-json\/wp\/v2\/users\/1"}],"replies":[{"embeddable":true,"href":"https:\/\/agroforestramedioambiental.com\/en\/wp-json\/wp\/v2\/comments?post=26"}],"version-history":[{"count":13,"href":"https:\/\/agroforestramedioambiental.com\/en\/wp-json\/wp\/v2\/pages\/26\/revisions"}],"predecessor-version":[{"id":179,"href":"https:\/\/agroforestramedioambiental.com\/en\/wp-json\/wp\/v2\/pages\/26\/revisions\/179"}],"wp:attachment":[{"href":"https:\/\/agroforestramedioambiental.com\/en\/wp-json\/wp\/v2\/media?parent=26"}],"curies":[{"name":"wp","href":"https:\/\/api.w.org\/{rel}","templated":true}]}}