{"id":103,"date":"2023-07-14T22:11:57","date_gmt":"2023-07-14T20:11:57","guid":{"rendered":"https:\/\/agroforestramedioambiental.com\/?page_id=103"},"modified":"2023-07-14T22:14:17","modified_gmt":"2023-07-14T20:14:17","slug":"blog","status":"publish","type":"page","link":"https:\/\/agroforestramedioambiental.com\/en\/blog\/","title":{"rendered":"Blog"},"content":{"rendered":"<p>[et_pb_section fb_built=\u00bb1&#8243; admin_label=\u00bbHeader\u00bb _builder_version=\u00bb4.16&#8243; background_color=\u00bb#f7f7f7&#8243; use_background_color_gradient=\u00bbon\u00bb background_color_gradient_direction=\u00bb90deg\u00bb background_color_gradient_stops=\u00bb#f7f7f7 66%|#ffffff 66%\u00bb background_color_gradient_start=\u00bb#f7f7f7&#8243; background_color_gradient_start_position=\u00bb66%\u00bb background_color_gradient_end=\u00bb#ffffff\u00bb background_color_gradient_end_position=\u00bb0%\u00bb custom_margin=\u00bb|||||\u00bb custom_padding=\u00bb||0px|||\u00bb background_last_edited=\u00bbon|tablet\u00bb use_background_color_gradient_tablet=\u00bbon\u00bb background_color_gradient_stops_tablet=\u00bb#f7f7f7 100%|#ffffff 100%\u00bb background_color_gradient_start_position_tablet=\u00bb100%\u00bb locked=\u00bboff\u00bb global_colors_info=\u00bb{}\u00bb theme_builder_area=\u00bbpost_content\u00bb][et_pb_row custom_padding_last_edited=\u00bbon|phone\u00bb padding_left_right_link_1=\u00bbfalse\u00bb _builder_version=\u00bb4.16&#8243; background_image=\u00bbhttps:\/\/agroforestramedioambiental.com\/wp-content\/uploads\/2023\/07\/green-energy-20-2.png\u00bb background_size=\u00bbinitial\u00bb background_position=\u00bbtop_left\u00bb custom_margin=\u00bb||\u00bb custom_padding=\u00bb|||20px\u00bb custom_padding_tablet=\u00bb\u00bb custom_padding_phone=\u00bb|||0px\u00bb hover_enabled=\u00bb0&#8243; global_colors_info=\u00bb{}\u00bb column_structure=\u00bb1_2,1_2&#8243; theme_builder_area=\u00bbpost_content\u00bb sticky_enabled=\u00bb0&#8243;][et_pb_column type=\u00bb1_2&#8243; _builder_version=\u00bb4.16&#8243; background_repeat=\u00bbrepeat\u00bb custom_padding=\u00bb|||\u00bb custom_padding_phone=\u00bb|||0px\u00bb custom_padding_last_edited=\u00bboff|phone\u00bb global_colors_info=\u00bb{}\u00bb custom_padding__hover=\u00bb|||\u00bb theme_builder_area=\u00bbpost_content\u00bb][et_pb_text _builder_version=\u00bb4.21.0&#8243; text_font=\u00bb||||||||\u00bb text_font_size=\u00bb20px\u00bb text_line_height=\u00bb1.8em\u00bb header_font=\u00bbBitter||||||||\u00bb header_font_size=\u00bb60px\u00bb header_line_height=\u00bb1.3em\u00bb custom_margin=\u00bb||\u00bb hover_enabled=\u00bb0&#8243; text_font_size_tablet=\u00bb\u00bb text_font_size_phone=\u00bb14px\u00bb text_font_size_last_edited=\u00bbon|desktop\u00bb header_font_size_tablet=\u00bb50px\u00bb header_font_size_phone=\u00bb30px\u00bb header_font_size_last_edited=\u00bbon|phone\u00bb global_colors_info=\u00bb{}\u00bb theme_builder_area=\u00bbpost_content\u00bb sticky_enabled=\u00bb0&#8243;]<\/p>\n<h1><span style=\"color: #7e942f;\">Blog Agroforestra<\/span><\/h1>\n<p><span>Tu fuente de conocimiento en el \u00e1mbito agr\u00edcola, forestal y medioambiental.<\/span><\/p>\n<p><span>En este espacio, nos complace compartir informaci\u00f3n, consejos pr\u00e1cticos y tendencias actuales relacionadas con la agricultura sostenible, el manejo forestal responsable y las soluciones medioambientales.<\/span><\/p>\n<p>&nbsp;<\/p>\n<p>[\/et_pb_text][et_pb_image src=\u00bbhttps:\/\/agroforestramedioambiental.com\/wp-content\/uploads\/2023\/07\/logo-horizontal.png\u00bb _builder_version=\u00bb4.21.0&#8243; _module_preset=\u00bbdefault\u00bb theme_builder_area=\u00bbpost_content\u00bb title_text=\u00bblogo horizontal\u00bb width=\u00bb70%\u00bb module_alignment=\u00bbcenter\u00bb hover_enabled=\u00bb0&#8243; sticky_enabled=\u00bb0&#8243;][\/et_pb_image][\/et_pb_column][et_pb_column type=\u00bb1_2&#8243; _builder_version=\u00bb4.16&#8243; custom_padding=\u00bb|||\u00bb global_colors_info=\u00bb{}\u00bb custom_padding__hover=\u00bb|||\u00bb theme_builder_area=\u00bbpost_content\u00bb][et_pb_image src=\u00bbhttps:\/\/agroforestramedioambiental.com\/wp-content\/uploads\/2023\/07\/green-energy-14.png\u00bb title_text=\u00bbTranquil meadow, green forest, sunset over mountains generated by AI\u00bb _builder_version=\u00bb4.21.0&#8243; use_background_color_gradient=\u00bbon\u00bb background_color_gradient_stops=\u00bbrgba(16,40,65,0) 1%|gcid-4da4b735-8c96-459d-8a96-3823becc5fea 100%\u00bb background_color_gradient_overlays_image=\u00bbon\u00bb background_color_gradient_start=\u00bbrgba(16,40,65,0)\u00bb background_color_gradient_start_position=\u00bb45%\u00bb background_color_gradient_end=\u00bb#102841&#8243; background_image=\u00bbhttps:\/\/agroforestramedioambiental.com\/wp-content\/uploads\/2023\/07\/tranquilo-prado-verde-bosque-puesta-sol-sobre-montanas-generadas-ia-scaled.jpg\u00bb custom_margin=\u00bb-100px|-12vw||\u00bb custom_margin_tablet=\u00bb0px|||\u00bb custom_margin_phone=\u00bb\u00bb custom_margin_last_edited=\u00bbon|tablet\u00bb custom_padding=\u00bb||80%|||\u00bb custom_padding_tablet=\u00bb\u00bb custom_padding_phone=\u00bb||40%\u00bb custom_padding_last_edited=\u00bbon|desktop\u00bb global_colors_info=\u00bb{%22gcid-4da4b735-8c96-459d-8a96-3823becc5fea%22:%91%22background_color_gradient_stops%22%93}\u00bb locked=\u00bboff\u00bb theme_builder_area=\u00bbpost_content\u00bb][\/et_pb_image][\/et_pb_column][\/et_pb_row][\/et_pb_section][et_pb_section fb_built=\u00bb1&#8243; admin_label=\u00bbBlog\u00bb _builder_version=\u00bb4.16&#8243; custom_padding=\u00bb90px|||||\u00bb global_colors_info=\u00bb{}\u00bb theme_builder_area=\u00bbpost_content\u00bb][et_pb_row _builder_version=\u00bb4.21.0&#8243; width=\u00bb90%\u00bb max_width=\u00bb1600px\u00bb module_alignment=\u00bbleft\u00bb hover_enabled=\u00bb0&#8243; global_colors_info=\u00bb{}\u00bb theme_builder_area=\u00bbpost_content\u00bb sticky_enabled=\u00bb0&#8243;][et_pb_column type=\u00bb4_4&#8243; _builder_version=\u00bb4.16&#8243; custom_padding=\u00bb|||\u00bb global_colors_info=\u00bb{}\u00bb custom_padding__hover=\u00bb|||\u00bb theme_builder_area=\u00bbpost_content\u00bb][et_pb_post_slider bg_overlay_color=\u00bbrgba(16,40,65,0.75)\u00bb _builder_version=\u00bb4.21.0&#8243; header_font=\u00bbBitter||||||||\u00bb header_font_size=\u00bb42px\u00bb header_line_height=\u00bb1.2em\u00bb body_font=\u00bb||||||||\u00bb body_font_size=\u00bb20px\u00bb body_line_height=\u00bb1.8em\u00bb custom_button=\u00bbon\u00bb button_text_size=\u00bb14px\u00bb button_text_color=\u00bb#ffffff\u00bb button_bg_color=\u00bbgcid-4da4b735-8c96-459d-8a96-3823becc5fea\u00bb button_border_color=\u00bbrgba(0,0,0,0)\u00bb button_border_radius=\u00bb100px\u00bb button_letter_spacing=\u00bb2px\u00bb button_font=\u00bbRaleway|700||on|||||\u00bb button_icon=\u00bb&#x24;||divi||400&#8243; button_custom_padding=\u00bb15px|40px|15px|40px|true|true\u00bb hover_enabled=\u00bb0&#8243; header_font_size_tablet=\u00bb32px\u00bb header_font_size_phone=\u00bb26px\u00bb header_font_size_last_edited=\u00bbon|phone\u00bb body_font_size_tablet=\u00bb\u00bb body_font_size_phone=\u00bb14px\u00bb body_font_size_last_edited=\u00bbon|phone\u00bb box_shadow_style=\u00bbpreset1&#8243; box_shadow_vertical=\u00bb24px\u00bb box_shadow_blur=\u00bb100px\u00bb box_shadow_spread=\u00bb-30px\u00bb box_shadow_color=\u00bbrgba(0,0,0,0.24)\u00bb global_colors_info=\u00bb{%22gcid-4da4b735-8c96-459d-8a96-3823becc5fea%22:%91%22button_bg_color%22%93}\u00bb theme_builder_area=\u00bbpost_content\u00bb button_bg_enable_color=\u00bbon\u00bb sticky_enabled=\u00bb0&#8243; background_color=\u00bb#ffffff\u00bb][\/et_pb_post_slider][\/et_pb_column][\/et_pb_row][et_pb_row use_custom_gutter=\u00bbon\u00bb gutter_width=\u00bb2&#8243; _builder_version=\u00bb4.16&#8243; global_colors_info=\u00bb{}\u00bb theme_builder_area=\u00bbpost_content\u00bb][et_pb_column type=\u00bb4_4&#8243; _builder_version=\u00bb4.16&#8243; custom_padding=\u00bb|||\u00bb global_colors_info=\u00bb{}\u00bb custom_padding__hover=\u00bb|||\u00bb theme_builder_area=\u00bbpost_content\u00bb][et_pb_blog fullwidth=\u00bboff\u00bb posts_number=\u00bb6&#8243; _builder_version=\u00bb4.21.0&#8243; header_font=\u00bbBitter||||||||\u00bb header_font_size=\u00bb20px\u00bb header_line_height=\u00bb1.4em\u00bb body_font=\u00bb||||||||\u00bb body_line_height=\u00bb1.8em\u00bb meta_font=\u00bbRaleway|||on|||||\u00bb meta_text_color=\u00bb#bababa\u00bb meta_font_size=\u00bb12px\u00bb meta_letter_spacing=\u00bb1px\u00bb meta_line_height=\u00bb1.6em\u00bb read_more_font=\u00bb||||||||\u00bb pagination_font=\u00bbBitter||||||||\u00bb pagination_text_color=\u00bb#35d764&#8243; pagination_font_size=\u00bb24px\u00bb pagination_line_height=\u00bb1.8em\u00bb hover_enabled=\u00bb0&#8243; header_font_size_tablet=\u00bb\u00bb header_font_size_phone=\u00bb18px\u00bb header_font_size_last_edited=\u00bbon|phone\u00bb body_font_size_tablet=\u00bb\u00bb body_font_size_phone=\u00bb14px\u00bb body_font_size_last_edited=\u00bbon|desktop\u00bb border_width_all=\u00bb0px\u00bb box_shadow_style=\u00bbpreset1&#8243; box_shadow_vertical=\u00bb24px\u00bb box_shadow_blur=\u00bb100px\u00bb box_shadow_spread=\u00bb-30px\u00bb box_shadow_color=\u00bbrgba(0,0,0,0.24)\u00bb locked=\u00bboff\u00bb global_colors_info=\u00bb{}\u00bb theme_builder_area=\u00bbpost_content\u00bb include_categories=\u00bball\u00bb sticky_enabled=\u00bb0&#8243;][\/et_pb_blog][\/et_pb_column][\/et_pb_row][\/et_pb_section][et_pb_section fb_built=\u00bb1&#8243; custom_padding_last_edited=\u00bbon|tablet\u00bb admin_label=\u00bbFooter\u00bb _builder_version=\u00bb4.21.0&#8243; background_color=\u00bbgcid-4da4b735-8c96-459d-8a96-3823becc5fea\u00bb width=\u00bb90%\u00bb width_tablet=\u00bb100%\u00bb width_phone=\u00bb\u00bb width_last_edited=\u00bbon|desktop\u00bb module_alignment=\u00bbright\u00bb custom_margin_tablet=\u00bb|||0vw\u00bb custom_margin_last_edited=\u00bboff|tablet\u00bb custom_padding=\u00bb4vw|10vw|4vw||true|false\u00bb custom_padding_tablet=\u00bb|0vw||\u00bb custom_padding_phone=\u00bb\u00bb hover_enabled=\u00bb0&#8243; locked=\u00bboff\u00bb global_colors_info=\u00bb{%22gcid-4da4b735-8c96-459d-8a96-3823becc5fea%22:%91%22background_color%22%93}\u00bb theme_builder_area=\u00bbpost_content\u00bb sticky_enabled=\u00bb0&#8243;][et_pb_row _builder_version=\u00bb4.21.0&#8243; hover_enabled=\u00bb0&#8243; global_colors_info=\u00bb{}\u00bb theme_builder_area=\u00bbpost_content\u00bb sticky_enabled=\u00bb0&#8243;][et_pb_column type=\u00bb4_4&#8243; _builder_version=\u00bb4.16&#8243; custom_padding=\u00bb|||\u00bb global_colors_info=\u00bb{}\u00bb custom_padding__hover=\u00bb|||\u00bb theme_builder_area=\u00bbpost_content\u00bb][et_pb_signup mailchimp_list=\u00bbelegantthemestest|1ea2bbd026&#8243; layout=\u00bbtop_bottom\u00bb first_name_field=\u00bboff\u00bb last_name_field=\u00bboff\u00bb title=\u00bbRecibe nuestras noticias\u00bb _builder_version=\u00bb4.16&#8243; form_field_background_color=\u00bbrgba(0,0,0,0)\u00bb form_field_text_color=\u00bb#ffffff\u00bb header_font=\u00bbBitter||||||||\u00bb header_font_size=\u00bb42px\u00bb header_line_height=\u00bb1.2em\u00bb body_font=\u00bb||||||||\u00bb form_field_font=\u00bbRaleway||||||||\u00bb form_field_font_size=\u00bb16px\u00bb form_field_line_height=\u00bb1.8em\u00bb background_color=\u00bbrgba(0,0,0,0)\u00bb custom_button=\u00bbon\u00bb button_text_size=\u00bb14px\u00bb button_text_color=\u00bb#2a2a2a\u00bb button_bg_color=\u00bb#ffffff\u00bb button_border_color=\u00bbrgba(0,0,0,0)\u00bb button_border_radius=\u00bb100px\u00bb button_letter_spacing=\u00bb2px\u00bb button_font=\u00bbRaleway|700||on|||||\u00bb button_icon=\u00bb&#x24;||divi||400&#8243; button_custom_padding=\u00bb15px||15px||true\u00bb text_orientation=\u00bbcenter\u00bb max_width=\u00bb700px\u00bb module_alignment=\u00bbcenter\u00bb hover_enabled=\u00bb0&#8243; header_font_size_tablet=\u00bb\u00bb header_font_size_phone=\u00bb36px\u00bb header_font_size_last_edited=\u00bbon|desktop\u00bb border_radii_fields=\u00bbon|100px|100px|100px|100px\u00bb border_width_all_fields=\u00bb2px\u00bb border_color_all_fields=\u00bb#ffffff\u00bb global_colors_info=\u00bb{}\u00bb theme_builder_area=\u00bbpost_content\u00bb sticky_enabled=\u00bb0&#8243;][\/et_pb_signup][\/et_pb_column][\/et_pb_row][\/et_pb_section]<\/p>","protected":false},"excerpt":{"rendered":"<p>Blog Agroforestra Tu fuente de conocimiento en el \u00e1mbito agr\u00edcola, forestal y medioambiental. En este espacio, nos complace compartir informaci\u00f3n, consejos pr\u00e1cticos y tendencias actuales relacionadas con la agricultura sostenible, el manejo forestal responsable y las soluciones medioambientales. &nbsp;<\/p>","protected":false},"author":1,"featured_media":0,"parent":0,"menu_order":0,"comment_status":"closed","ping_status":"closed","template":"","meta":{"_et_pb_use_builder":"on","_et_pb_old_content":"","_et_gb_content_width":"","om_disable_all_campaigns":false,"_monsterinsights_skip_tracking":false,"_monsterinsights_sitenote_active":false,"_monsterinsights_sitenote_note":"","_monsterinsights_sitenote_category":0,"footnotes":""},"class_list":["post-103","page","type-page","status-publish","hentry"],"_links":{"self":[{"href":"https:\/\/agroforestramedioambiental.com\/en\/wp-json\/wp\/v2\/pages\/103","targetHints":{"allow":["GET"]}}],"collection":[{"href":"https:\/\/agroforestramedioambiental.com\/en\/wp-json\/wp\/v2\/pages"}],"about":[{"href":"https:\/\/agroforestramedioambiental.com\/en\/wp-json\/wp\/v2\/types\/page"}],"author":[{"embeddable":true,"href":"https:\/\/agroforestramedioambiental.com\/en\/wp-json\/wp\/v2\/users\/1"}],"replies":[{"embeddable":true,"href":"https:\/\/agroforestramedioambiental.com\/en\/wp-json\/wp\/v2\/comments?post=103"}],"version-history":[{"count":3,"href":"https:\/\/agroforestramedioambiental.com\/en\/wp-json\/wp\/v2\/pages\/103\/revisions"}],"predecessor-version":[{"id":108,"href":"https:\/\/agroforestramedioambiental.com\/en\/wp-json\/wp\/v2\/pages\/103\/revisions\/108"}],"wp:attachment":[{"href":"https:\/\/agroforestramedioambiental.com\/en\/wp-json\/wp\/v2\/media?parent=103"}],"curies":[{"name":"wp","href":"https:\/\/api.w.org\/{rel}","templated":true}]}}